{"id":104,"date":"2022-02-13T16:30:36","date_gmt":"2022-02-13T13:30:36","guid":{"rendered":"https:\/\/www.craftmuhendislik.com\/?page_id=104"},"modified":"2022-02-14T16:47:47","modified_gmt":"2022-02-14T13:47:47","slug":"referenslar","status":"publish","type":"page","link":"https:\/\/www.craftmuhendislik.com\/index.php\/referenslar\/","title":{"rendered":"Referenslar"},"content":{"rendered":"\n<ul class=\"wp-block-list\"><li>Astranova Tar\u0131m ila\u00e7 sanayi Ni\u011fde \u00dcretim Tesisi<\/li><li>Aytemiz Akaryak\u0131t ve LPG K\u0131r\u0131kkale, Trabzon, K\u00f6rfez, Alanya \u00dcretim Tesisleri<\/li><li>CHT Tekstil kimyasallar\u0131 \u0130stanbul \u00dcretim Tesisi<\/li><li>\u00c7olako\u011flu Metalurji, demir \u00e7elik sanayii Dilovas\u0131 \u00dcretim Tesisi<\/li><li>Erdemir demir \u00e7elik Zonguldak Ere\u011fli tesisleri<\/li><li>Ergen kimya sel\u00fclozik ve sentetik tiner \u00fcretim Alia\u011fa tesisi<\/li><li>FNC tar\u0131m ila\u00e7 Ni\u011fde \u00dcretim Tesisi<\/li><li>G\u00fcm\u00fc\u015fta\u015f Alt\u0131n ve G\u00fcm\u00fc\u015f isleme Ni\u011fde \u00dcretim Tesisi<\/li><li>HEKTA\u015e Tar\u0131m ila\u00e7 sanayii Gebze \u00dcretim Tesisi<\/li><li>Lukoil LPG ve Akaryak\u0131t Mersin, Alia\u011fa, Batman, D\u00f6rtyol, K\u00f6rfez, Samsun, K\u0131r\u0131kkale Tesisleri<\/li><li>Marzinc \u00e7inko (Waelz oxide) geri d\u00f6n\u00fc\u015f\u00fcm Karab\u00fck Geri Kazan\u0131m Tesisi<\/li><li>MOil Madeni Ya\u011f \u0130zmir \u00dcretim Tesisi<\/li><li>Novartis ila\u00e7 sanayi Kurtk\u00f6y ve Gebze tesisleri<\/li><li>Petline Akaryak\u0131t K\u00f6rfez Dolum Tesisi<\/li><li>PPG Industries Otomotiv Kimyasal Boya Bursa Tesisi<\/li><li>Sandoz ila\u00e7 Tuzla \u00dcretim Tesisi<\/li><li>Total Oil Enerji Ankara, \u0130zmit Dolum, \u0130zmit Transfer ve Alia\u011fa Tesisleri<\/li><li>Yeniyurt Akaryak\u0131t Da\u011f\u0131t\u0131m ve Dolum Erzin Tesisleri<\/li><li>YK Enerji Yenik\u00f6y ve \u00d6ren Enerji \u00dcretim Tesisleri<\/li><\/ul>\n\n\n\n<p><img loading=\"lazy\" decoding=\"async\" width=\"150\" height=\"169\" class=\"wp-image-274\" style=\"width: 150px;\" src=\"https:\/\/www.craftmuhendislik.com\/wp-content\/uploads\/2022\/02\/Moil-logo-CB30842A1E-seeklogo.com_-1.png\" alt=\"\"><img loading=\"lazy\" decoding=\"async\" width=\"150\" height=\"141\" class=\"wp-image-275\" style=\"width: 150px;\" src=\"https:\/\/www.craftmuhendislik.com\/wp-content\/uploads\/2022\/02\/petline-1.png\" alt=\"\" srcset=\"https:\/\/www.craftmuhendislik.com\/wp-content\/uploads\/2022\/02\/petline-1.png 640w, https:\/\/www.craftmuhendislik.com\/wp-content\/uploads\/2022\/02\/petline-1-300x281.png 300w\" sizes=\"auto, (max-width: 150px) 100vw, 150px\" \/><img loading=\"lazy\" decoding=\"async\" width=\"150\" height=\"116\" class=\"wp-image-276\" style=\"width: 150px;\" src=\"https:\/\/www.craftmuhendislik.com\/wp-content\/uploads\/2022\/02\/PPG_Logo.svg_-1.png\" alt=\"\" srcset=\"https:\/\/www.craftmuhendislik.com\/wp-content\/uploads\/2022\/02\/PPG_Logo.svg_-1.png 640w, https:\/\/www.craftmuhendislik.com\/wp-content\/uploads\/2022\/02\/PPG_Logo.svg_-1-300x233.png 300w\" sizes=\"auto, (max-width: 150px) 100vw, 150px\" \/>  <img loading=\"lazy\" decoding=\"async\" width=\"150\" height=\"150\" class=\"wp-image-271\" style=\"width: 150px;\" src=\"https:\/\/www.craftmuhendislik.com\/wp-content\/uploads\/2022\/02\/hektas-1.png\" alt=\"\" srcset=\"https:\/\/www.craftmuhendislik.com\/wp-content\/uploads\/2022\/02\/hektas-1.png 225w, https:\/\/www.craftmuhendislik.com\/wp-content\/uploads\/2022\/02\/hektas-1-150x150.png 150w\" sizes=\"auto, (max-width: 150px) 100vw, 150px\" \/>   <img loading=\"lazy\" decoding=\"async\" width=\"150\" height=\"75\" class=\"wp-image-269\" style=\"width: 150px;\" src=\"https:\/\/www.craftmuhendislik.com\/wp-content\/uploads\/2022\/02\/download-4.png\" alt=\"\" srcset=\"https:\/\/www.craftmuhendislik.com\/wp-content\/uploads\/2022\/02\/download-4.png 318w, https:\/\/www.craftmuhendislik.com\/wp-content\/uploads\/2022\/02\/download-4-300x150.png 300w\" sizes=\"auto, (max-width: 150px) 100vw, 150px\" \/>   <img loading=\"lazy\" decoding=\"async\" width=\"150\" height=\"113\" class=\"wp-image-278\" style=\"width: 150px;\" src=\"https:\/\/www.craftmuhendislik.com\/wp-content\/uploads\/2022\/02\/Total-logo-1024x768-2.png\" alt=\"\" srcset=\"https:\/\/www.craftmuhendislik.com\/wp-content\/uploads\/2022\/02\/Total-logo-1024x768-2.png 1024w, https:\/\/www.craftmuhendislik.com\/wp-content\/uploads\/2022\/02\/Total-logo-1024x768-2-300x225.png 300w, https:\/\/www.craftmuhendislik.com\/wp-content\/uploads\/2022\/02\/Total-logo-1024x768-2-768x576.png 768w\" sizes=\"auto, (max-width: 150px) 100vw, 150px\" \/><img loading=\"lazy\" decoding=\"async\" width=\"150\" height=\"81\" class=\"wp-image-272\" style=\"width: 150px;\" src=\"https:\/\/www.craftmuhendislik.com\/wp-content\/uploads\/2022\/02\/Erdemir_Logo.svg_-1.png\" alt=\"\" srcset=\"https:\/\/www.craftmuhendislik.com\/wp-content\/uploads\/2022\/02\/Erdemir_Logo.svg_-1.png 1200w, https:\/\/www.craftmuhendislik.com\/wp-content\/uploads\/2022\/02\/Erdemir_Logo.svg_-1-300x162.png 300w, https:\/\/www.craftmuhendislik.com\/wp-content\/uploads\/2022\/02\/Erdemir_Logo.svg_-1-1024x551.png 1024w, https:\/\/www.craftmuhendislik.com\/wp-content\/uploads\/2022\/02\/Erdemir_Logo.svg_-1-768x413.png 768w\" sizes=\"auto, (max-width: 150px) 100vw, 150px\" \/><img loading=\"lazy\" decoding=\"async\" width=\"150\" height=\"111\" class=\"wp-image-270\" style=\"width: 150px;\" src=\"https:\/\/www.craftmuhendislik.com\/wp-content\/uploads\/2022\/02\/FNC-2.png\" alt=\"\"><img loading=\"lazy\" decoding=\"async\" width=\"150\" height=\"160\" class=\"wp-image-266\" style=\"width: 150px;\" src=\"https:\/\/www.craftmuhendislik.com\/wp-content\/uploads\/2022\/02\/download-1-2.png\" alt=\"\"><img loading=\"lazy\" decoding=\"async\" width=\"150\" height=\"150\" class=\"wp-image-273\" style=\"width: 150px;\" src=\"https:\/\/www.craftmuhendislik.com\/wp-content\/uploads\/2022\/02\/lukoil-1.png\" alt=\"\" srcset=\"https:\/\/www.craftmuhendislik.com\/wp-content\/uploads\/2022\/02\/lukoil-1.png 225w, https:\/\/www.craftmuhendislik.com\/wp-content\/uploads\/2022\/02\/lukoil-1-150x150.png 150w\" sizes=\"auto, (max-width: 150px) 100vw, 150px\" \/><img loading=\"lazy\" decoding=\"async\" width=\"150\" height=\"25\" class=\"wp-image-267\" style=\"width: 150px;\" src=\"https:\/\/www.craftmuhendislik.com\/wp-content\/uploads\/2022\/02\/2560px-Novartis-Logo.svg_-2.png\" alt=\"\" srcset=\"https:\/\/www.craftmuhendislik.com\/wp-content\/uploads\/2022\/02\/2560px-Novartis-Logo.svg_-2.png 2560w, https:\/\/www.craftmuhendislik.com\/wp-content\/uploads\/2022\/02\/2560px-Novartis-Logo.svg_-2-300x49.png 300w, https:\/\/www.craftmuhendislik.com\/wp-content\/uploads\/2022\/02\/2560px-Novartis-Logo.svg_-2-1024x168.png 1024w, https:\/\/www.craftmuhendislik.com\/wp-content\/uploads\/2022\/02\/2560px-Novartis-Logo.svg_-2-768x126.png 768w, https:\/\/www.craftmuhendislik.com\/wp-content\/uploads\/2022\/02\/2560px-Novartis-Logo.svg_-2-1536x252.png 1536w, https:\/\/www.craftmuhendislik.com\/wp-content\/uploads\/2022\/02\/2560px-Novartis-Logo.svg_-2-2048x336.png 2048w\" sizes=\"auto, (max-width: 150px) 100vw, 150px\" \/>  <img loading=\"lazy\" decoding=\"async\" width=\"150\" height=\"23\" class=\"wp-image-260\" style=\"width: 150px;\" src=\"https:\/\/www.craftmuhendislik.com\/wp-content\/uploads\/2022\/02\/Sandoz-Logo-1.png\" alt=\"\" srcset=\"https:\/\/www.craftmuhendislik.com\/wp-content\/uploads\/2022\/02\/Sandoz-Logo-1.png 800w, https:\/\/www.craftmuhendislik.com\/wp-content\/uploads\/2022\/02\/Sandoz-Logo-1-300x46.png 300w, https:\/\/www.craftmuhendislik.com\/wp-content\/uploads\/2022\/02\/Sandoz-Logo-1-768x122.png 768w\" sizes=\"auto, (max-width: 150px) 100vw, 150px\" \/>   <img loading=\"lazy\" decoding=\"async\" width=\"150\" height=\"150\" class=\"wp-image-265\" style=\"width: 150px;\" src=\"https:\/\/www.craftmuhendislik.com\/wp-content\/uploads\/2022\/02\/aytemiz-logo-1.png\" alt=\"\" srcset=\"https:\/\/www.craftmuhendislik.com\/wp-content\/uploads\/2022\/02\/aytemiz-logo-1.png 250w, https:\/\/www.craftmuhendislik.com\/wp-content\/uploads\/2022\/02\/aytemiz-logo-1-150x150.png 150w\" sizes=\"auto, (max-width: 150px) 100vw, 150px\" \/>  <img loading=\"lazy\" decoding=\"async\" width=\"150\" height=\"34\" class=\"wp-image-268\" style=\"width: 150px;\" src=\"https:\/\/www.craftmuhendislik.com\/wp-content\/uploads\/2022\/02\/YK-enerji.png\" alt=\"\" srcset=\"https:\/\/www.craftmuhendislik.com\/wp-content\/uploads\/2022\/02\/YK-enerji.png 361w, https:\/\/www.craftmuhendislik.com\/wp-content\/uploads\/2022\/02\/YK-enerji-300x67.png 300w\" sizes=\"auto, (max-width: 150px) 100vw, 150px\" \/><\/p>\n","protected":false},"excerpt":{"rendered":"<p>Astranova Tar\u0131m ila\u00e7 sanayi Ni\u011fde \u00dcretim Tesisi Aytemiz Akaryak\u0131t ve LPG K\u0131r\u0131kkale, Trabzon, K\u00f6rfez, Alanya \u00dcretim Tesisleri CHT Tekstil kimyasallar\u0131 \u0130stanbul \u00dcretim Tesisi \u00c7olako\u011flu Metalurji, demir \u00e7elik sanayii Dilovas\u0131 \u00dcretim Tesisi Erdemir demir \u00e7elik Zonguldak Ere\u011fli tesisleri Ergen kimya sel\u00fclozik ve sentetik tiner \u00fcretim Alia\u011fa tesisi FNC tar\u0131m ila\u00e7 Ni\u011fde \u00dcretim Tesisi G\u00fcm\u00fc\u015fta\u015f Alt\u0131n ve [&hellip;]<\/p>\n","protected":false},"author":1,"featured_media":0,"parent":0,"menu_order":0,"comment_status":"closed","ping_status":"closed","template":"","meta":{"footnotes":""},"class_list":["post-104","page","type-page","status-publish","hentry"],"_links":{"self":[{"href":"https:\/\/www.craftmuhendislik.com\/index.php\/wp-json\/wp\/v2\/pages\/104","targetHints":{"allow":["GET"]}}],"collection":[{"href":"https:\/\/www.craftmuhendislik.com\/index.php\/wp-json\/wp\/v2\/pages"}],"about":[{"href":"https:\/\/www.craftmuhendislik.com\/index.php\/wp-json\/wp\/v2\/types\/page"}],"author":[{"embeddable":true,"href":"https:\/\/www.craftmuhendislik.com\/index.php\/wp-json\/wp\/v2\/users\/1"}],"replies":[{"embeddable":true,"href":"https:\/\/www.craftmuhendislik.com\/index.php\/wp-json\/wp\/v2\/comments?post=104"}],"version-history":[{"count":8,"href":"https:\/\/www.craftmuhendislik.com\/index.php\/wp-json\/wp\/v2\/pages\/104\/revisions"}],"predecessor-version":[{"id":289,"href":"https:\/\/www.craftmuhendislik.com\/index.php\/wp-json\/wp\/v2\/pages\/104\/revisions\/289"}],"wp:attachment":[{"href":"https:\/\/www.craftmuhendislik.com\/index.php\/wp-json\/wp\/v2\/media?parent=104"}],"curies":[{"name":"wp","href":"https:\/\/api.w.org\/{rel}","templated":true}]}}