{"id":14,"date":"2020-03-09T16:53:10","date_gmt":"2020-03-09T13:53:10","guid":{"rendered":"https:\/\/www.craftmuhendislik.com\/?page_id=14"},"modified":"2022-02-14T16:43:27","modified_gmt":"2022-02-14T13:43:27","slug":"home","status":"publish","type":"page","link":"https:\/\/www.craftmuhendislik.com\/index.php\/home\/","title":{"rendered":"Tersine M\u00fchendislik Hizmetleri"},"content":{"rendered":"\n<figure class=\"wp-block-gallery has-nested-images columns-default is-cropped wp-block-gallery-1 is-layout-flex wp-block-gallery-is-layout-flex\">\n<figure class=\"wp-block-image size-large\"><img loading=\"lazy\" decoding=\"async\" width=\"627\" height=\"392\" data-id=\"251\" src=\"https:\/\/www.craftmuhendislik.com\/wp-content\/uploads\/2022\/02\/steel-pipelines-cables-plant-edited.jpg\" alt=\"\" class=\"wp-image-251\" srcset=\"https:\/\/www.craftmuhendislik.com\/wp-content\/uploads\/2022\/02\/steel-pipelines-cables-plant-edited.jpg 627w, https:\/\/www.craftmuhendislik.com\/wp-content\/uploads\/2022\/02\/steel-pipelines-cables-plant-edited-300x188.jpg 300w\" sizes=\"auto, (max-width: 627px) 100vw, 627px\" \/><\/figure>\n<\/figure>\n\n\n\n<p><strong>Craft M\u00fchendislik kurumlara Seveso Direktifi kapsam\u0131nda tersine m\u00fchendislik hizmetleri vermektedir. Bu alanda verilen dan\u0131\u015fmanl\u0131k m\u00fc\u015fterinin iste\u011fine g\u00f6re,<\/strong><\/p>\n\n\n\n<ul class=\"wp-block-list\"><li>P&amp;ID &#8211; Borulama ve Enstr\u00fcmantasyon Diyagram\u0131<\/li><li>PFD \u2013 Proses Ak\u0131\u015f Diyagram\u0131<\/li><li>BFD \u2013 Blok Ak\u0131\u015f Diyagram\u0131<\/li><li>Mimari ve 3 Boyutlu \u00c7izimlerden olu\u015fabilmektedir.<\/li><\/ul>\n\n\n\n<p>Bu hizmet, end\u00fcstriyel i\u015fletmelerin\nkusursuz i\u015fleyi\u015fini sa\u011flamak amac\u0131yla, tesislerdeki ekipmanlar\u0131n,\nenstr\u00fcmanlar\u0131n, ana ve ikincil hatlar\u0131n g\u00f6sterimi olup, proses \u015femas\u0131n\u0131n mimari\nyerle\u015fime en uygun olacak \u015fekilde tasarlanmas\u0131d\u0131r. \u0130\u015fletme personelinin ve\nziyaret\u00e7ilerin bilgilendirilmesi, denetimler i\u00e7in proses \u015femalar\u0131n\u0131n\nokunabilirli\u011finin en \u00fcst seviyede tutulmas\u0131n\u0131 sa\u011flar.<\/p>\n\n\n\n<p><strong>\u00d6zellikleri:<\/strong><\/p>\n\n\n\n<ul class=\"wp-block-list\"><li>Tesislerde bulunan t\u00fcm ekipmanlar\u0131n aras\u0131ndaki ba\u011flant\u0131 ve operasyonun g\u00f6sterimi<\/li><li>Ekipmanlar\u0131n sembolik sunumu ve lejant\u0131<\/li><li>Prosesi tek paftada yo\u011funla\u015ft\u0131r\u0131lm\u0131\u015f olarak g\u00f6steren PFD (Proses Ak\u0131\u015f Diyagram\u0131)<\/li><li>Proses ak\u0131\u015f\u0131n\u0131n g\u00f6steriminin y\u00f6n oklar\u0131 ile sa\u011flanmas\u0131<\/li><\/ul>\n\n\n\n<p><strong>Metodolojimiz<\/strong><\/p>\n\n\n\n<figure class=\"wp-block-image size-large\"><img loading=\"lazy\" decoding=\"async\" width=\"1024\" height=\"288\" src=\"https:\/\/www.craftmuhendislik.com\/wp-content\/uploads\/2022\/02\/metodoloji-craft-1024x288.jpg\" alt=\"\" class=\"wp-image-169\" srcset=\"https:\/\/www.craftmuhendislik.com\/wp-content\/uploads\/2022\/02\/metodoloji-craft-1024x288.jpg 1024w, https:\/\/www.craftmuhendislik.com\/wp-content\/uploads\/2022\/02\/metodoloji-craft-300x84.jpg 300w, https:\/\/www.craftmuhendislik.com\/wp-content\/uploads\/2022\/02\/metodoloji-craft-768x216.jpg 768w, https:\/\/www.craftmuhendislik.com\/wp-content\/uploads\/2022\/02\/metodoloji-craft-1536x432.jpg 1536w, https:\/\/www.craftmuhendislik.com\/wp-content\/uploads\/2022\/02\/metodoloji-craft.jpg 1808w\" sizes=\"auto, (max-width: 1024px) 100vw, 1024px\" \/><\/figure>\n","protected":false},"excerpt":{"rendered":"<p>Craft M\u00fchendislik kurumlara Seveso Direktifi kapsam\u0131nda tersine m\u00fchendislik hizmetleri vermektedir. Bu alanda verilen dan\u0131\u015fmanl\u0131k m\u00fc\u015fterinin iste\u011fine g\u00f6re, P&amp;ID &#8211; Borulama ve Enstr\u00fcmantasyon Diyagram\u0131 PFD \u2013 Proses Ak\u0131\u015f Diyagram\u0131 BFD \u2013 Blok Ak\u0131\u015f Diyagram\u0131 Mimari ve 3 Boyutlu \u00c7izimlerden olu\u015fabilmektedir. Bu hizmet, end\u00fcstriyel i\u015fletmelerin kusursuz i\u015fleyi\u015fini sa\u011flamak amac\u0131yla, tesislerdeki ekipmanlar\u0131n, enstr\u00fcmanlar\u0131n, ana ve ikincil hatlar\u0131n g\u00f6sterimi [&hellip;]<\/p>\n","protected":false},"author":1,"featured_media":0,"parent":0,"menu_order":1,"comment_status":"closed","ping_status":"closed","template":"","meta":{"footnotes":""},"class_list":["post-14","page","type-page","status-publish","hentry"],"_links":{"self":[{"href":"https:\/\/www.craftmuhendislik.com\/index.php\/wp-json\/wp\/v2\/pages\/14","targetHints":{"allow":["GET"]}}],"collection":[{"href":"https:\/\/www.craftmuhendislik.com\/index.php\/wp-json\/wp\/v2\/pages"}],"about":[{"href":"https:\/\/www.craftmuhendislik.com\/index.php\/wp-json\/wp\/v2\/types\/page"}],"author":[{"embeddable":true,"href":"https:\/\/www.craftmuhendislik.com\/index.php\/wp-json\/wp\/v2\/users\/1"}],"replies":[{"embeddable":true,"href":"https:\/\/www.craftmuhendislik.com\/index.php\/wp-json\/wp\/v2\/comments?post=14"}],"version-history":[{"count":17,"href":"https:\/\/www.craftmuhendislik.com\/index.php\/wp-json\/wp\/v2\/pages\/14\/revisions"}],"predecessor-version":[{"id":252,"href":"https:\/\/www.craftmuhendislik.com\/index.php\/wp-json\/wp\/v2\/pages\/14\/revisions\/252"}],"wp:attachment":[{"href":"https:\/\/www.craftmuhendislik.com\/index.php\/wp-json\/wp\/v2\/media?parent=14"}],"curies":[{"name":"wp","href":"https:\/\/api.w.org\/{rel}","templated":true}]}}