{"id":15,"date":"2020-03-09T16:53:10","date_gmt":"2020-03-09T16:53:10","guid":{"rendered":"https:\/\/www.craftmuhendislik.com\/?page_id=15"},"modified":"2022-02-13T15:27:40","modified_gmt":"2022-02-13T12:27:40","slug":"a-homepage-section","status":"publish","type":"page","link":"https:\/\/www.craftmuhendislik.com\/index.php\/a-homepage-section\/","title":{"rendered":"Craft M\u00fchendislik"},"content":{"rendered":"\n<p>End\u00fcstriyel i\u015fletmelerin kusursuz i\u015fleyi\u015fini sa\u011flamak amac\u0131yla, tesislerdeki ekipmanlar\u0131n, enstr\u00fcmanlar\u0131n, ana ve ikincil hatlar\u0131n g\u00f6sterimi , proses \u015femas\u0131n\u0131n mimari yerle\u015fime en uygun olacak \u015fekilde tasarlanmas\u0131 hizmeleri<\/p>\n","protected":false},"excerpt":{"rendered":"<p>End\u00fcstriyel i\u015fletmelerin kusursuz i\u015fleyi\u015fini sa\u011flamak amac\u0131yla, tesislerdeki ekipmanlar\u0131n, enstr\u00fcmanlar\u0131n, ana ve ikincil hatlar\u0131n g\u00f6sterimi , proses \u015femas\u0131n\u0131n mimari yerle\u015fime en uygun olacak \u015fekilde tasarlanmas\u0131 hizmeleri<\/p>\n","protected":false},"author":1,"featured_media":11,"parent":0,"menu_order":0,"comment_status":"closed","ping_status":"closed","template":"","meta":{"footnotes":""},"class_list":["post-15","page","type-page","status-publish","has-post-thumbnail","hentry"],"_links":{"self":[{"href":"https:\/\/www.craftmuhendislik.com\/index.php\/wp-json\/wp\/v2\/pages\/15","targetHints":{"allow":["GET"]}}],"collection":[{"href":"https:\/\/www.craftmuhendislik.com\/index.php\/wp-json\/wp\/v2\/pages"}],"about":[{"href":"https:\/\/www.craftmuhendislik.com\/index.php\/wp-json\/wp\/v2\/types\/page"}],"author":[{"embeddable":true,"href":"https:\/\/www.craftmuhendislik.com\/index.php\/wp-json\/wp\/v2\/users\/1"}],"replies":[{"embeddable":true,"href":"https:\/\/www.craftmuhendislik.com\/index.php\/wp-json\/wp\/v2\/comments?post=15"}],"version-history":[{"count":2,"href":"https:\/\/www.craftmuhendislik.com\/index.php\/wp-json\/wp\/v2\/pages\/15\/revisions"}],"predecessor-version":[{"id":74,"href":"https:\/\/www.craftmuhendislik.com\/index.php\/wp-json\/wp\/v2\/pages\/15\/revisions\/74"}],"wp:featuredmedia":[{"embeddable":true,"href":"https:\/\/www.craftmuhendislik.com\/index.php\/wp-json\/wp\/v2\/media\/11"}],"wp:attachment":[{"href":"https:\/\/www.craftmuhendislik.com\/index.php\/wp-json\/wp\/v2\/media?parent=15"}],"curies":[{"name":"wp","href":"https:\/\/api.w.org\/{rel}","templated":true}]}}