{"id":204,"date":"2022-02-13T20:08:55","date_gmt":"2022-02-13T17:08:55","guid":{"rendered":"https:\/\/www.craftmuhendislik.com\/?page_id=204"},"modified":"2022-02-13T21:37:58","modified_gmt":"2022-02-13T18:37:58","slug":"surdurulebilirlik-hizmetleri","status":"publish","type":"page","link":"https:\/\/www.craftmuhendislik.com\/index.php\/surdurulebilirlik-hizmetleri\/","title":{"rendered":"S\u00fcrd\u00fcr\u00fclebilirlik Hizmetleri"},"content":{"rendered":"\n<p><strong>Kurumsal Karbon Ayakizi<\/strong><\/p>\n\n\n\n<p>Sera Gaz\u0131 Protokol\u00fc Kurumsal Standard\u0131, bir kurumun sera gaz\u0131 emisyonlar\u0131n\u0131 \u00fc\u00e7 &#8220;kapsam&#8221; olarak s\u0131n\u0131fland\u0131r\u0131r.<\/p>\n\n\n\n<p>Kapsam 1 sahip olunan veya kontrol edilen kaynaklardan do\u011frudan emisyonlard\u0131r.<\/p>\n\n\n\n<p>Kapsam 2 t\u00fcketilen enerji kayna\u011f\u0131na g\u00f6re farkl\u0131l\u0131k g\u00f6steren, sat\u0131n al\u0131nan enerjiden kaynaklanan dolayl\u0131 emisyonlard\u0131r.<\/p>\n\n\n\n<p>Kapsam 3 Kapsam 2nin d\u0131\u015f\u0131nda kalan, \u015firketin de\u011fer zincirinde meydana gelen t\u00fcm dolayl\u0131 emisyonlard\u0131r.<\/p>\n\n\n\n<p>Craft M\u00fchendislik kurumlara, se\u00e7ilen b\u00fct\u00e7e y\u0131l\u0131 i\u00e7eresinde olu\u015fan kurumsal karbon ayak izinin hesaplanmas\u0131 ve raporlanmas\u0131 kapsam\u0131nda durum analizi yaparak, karbon ayak izinin k\u00fc\u00e7\u00fclt\u00fclmesi i\u00e7in kurumlar\u0131n \u00f6nceliklerini dikkate alarak stratejiler olu\u015fturur.<\/p>\n\n\n\n<figure class=\"wp-block-gallery has-nested-images columns-default is-cropped wp-block-gallery-1 is-layout-flex wp-block-gallery-is-layout-flex\">\n<figure class=\"wp-block-image size-large\"><img loading=\"lazy\" decoding=\"async\" width=\"682\" height=\"383\" data-id=\"230\" src=\"https:\/\/www.craftmuhendislik.com\/wp-content\/uploads\/2022\/02\/still-life-sustainable-lifestyle-elements-composition.jpg\" alt=\"\" class=\"wp-image-230\" srcset=\"https:\/\/www.craftmuhendislik.com\/wp-content\/uploads\/2022\/02\/still-life-sustainable-lifestyle-elements-composition.jpg 682w, https:\/\/www.craftmuhendislik.com\/wp-content\/uploads\/2022\/02\/still-life-sustainable-lifestyle-elements-composition-300x168.jpg 300w\" sizes=\"auto, (max-width: 682px) 100vw, 682px\" \/><\/figure>\n<\/figure>\n\n\n\n<p><strong>Kurumsal Sosyal Sorumluluk<\/strong><\/p>\n\n\n\n<p>Kurumsal sosyal sorumluluk modern d\u00fcnyan\u0131n de\u011fi\u015fen dinamiklerinde i\u015f yapma kolayl\u0131\u011f\u0131, risklerin kontrol edilmesi ve sekt\u00f6r liderli\u011fi elde etmek i\u00e7in firmalar\u0131n pozisyon almalar\u0131n\u0131 temel alan, b\u00f6ylece sayg\u0131nl\u0131klar\u0131n\u0131n ve marka de\u011ferlerinin artt\u0131r\u0131lmas\u0131n\u0131 sa\u011flayan bir ara\u00e7t\u0131r.<\/p>\n\n\n\n<p>Kurumsal sosyal sorumluluk stratejilerini i\u015f planlar\u0131na dahil etmek firmalar\u0131n m\u00fc\u015fteri sadakati, kalifiye istihdam\u0131n sa\u011flanmas\u0131 ve muhafaza edilmesi, mevzuat kaynakl\u0131 risklerin azalt\u0131lmas\u0131, i\u015flevsel verimlilik ve \u00fcretkenli\u011finin artt\u0131r\u0131lmas\u0131 ve sermayeye eri\u015fimini kolayla\u015ft\u0131rarak finansal performans\u0131n\u0131n artt\u0131r\u0131lmas\u0131na yard\u0131mc\u0131 olur.\u00a0<\/p>\n\n\n\n<p>Craft M\u00fchendislik kurumlar\u0131n organizasyonel k\u00fclt\u00fcrlerinin incelenmesi ve kurumsal sosyal sorumluluk stratejilerinin vizyon, ve misyon belirlenmesi, uygulanan stratejilerinin getiri ve performanslar\u0131n\u0131n analiz edilmesi ve raporlanmas\u0131 konular\u0131nda kurumlara ve \u015firketlere dan\u0131\u015fmanl\u0131k hizmeti vermektedir.&nbsp;<\/p>\n","protected":false},"excerpt":{"rendered":"<p>Kurumsal Karbon Ayakizi Sera Gaz\u0131 Protokol\u00fc Kurumsal Standard\u0131, bir kurumun sera gaz\u0131 emisyonlar\u0131n\u0131 \u00fc\u00e7 &#8220;kapsam&#8221; olarak s\u0131n\u0131fland\u0131r\u0131r. Kapsam 1 sahip olunan veya kontrol edilen kaynaklardan do\u011frudan emisyonlard\u0131r. Kapsam 2 t\u00fcketilen enerji kayna\u011f\u0131na g\u00f6re farkl\u0131l\u0131k g\u00f6steren, sat\u0131n al\u0131nan enerjiden kaynaklanan dolayl\u0131 emisyonlard\u0131r. Kapsam 3 Kapsam 2nin d\u0131\u015f\u0131nda kalan, \u015firketin de\u011fer zincirinde meydana gelen t\u00fcm dolayl\u0131 emisyonlard\u0131r. [&hellip;]<\/p>\n","protected":false},"author":1,"featured_media":0,"parent":0,"menu_order":0,"comment_status":"closed","ping_status":"closed","template":"","meta":{"footnotes":""},"class_list":["post-204","page","type-page","status-publish","hentry"],"_links":{"self":[{"href":"https:\/\/www.craftmuhendislik.com\/index.php\/wp-json\/wp\/v2\/pages\/204","targetHints":{"allow":["GET"]}}],"collection":[{"href":"https:\/\/www.craftmuhendislik.com\/index.php\/wp-json\/wp\/v2\/pages"}],"about":[{"href":"https:\/\/www.craftmuhendislik.com\/index.php\/wp-json\/wp\/v2\/types\/page"}],"author":[{"embeddable":true,"href":"https:\/\/www.craftmuhendislik.com\/index.php\/wp-json\/wp\/v2\/users\/1"}],"replies":[{"embeddable":true,"href":"https:\/\/www.craftmuhendislik.com\/index.php\/wp-json\/wp\/v2\/comments?post=204"}],"version-history":[{"count":4,"href":"https:\/\/www.craftmuhendislik.com\/index.php\/wp-json\/wp\/v2\/pages\/204\/revisions"}],"predecessor-version":[{"id":233,"href":"https:\/\/www.craftmuhendislik.com\/index.php\/wp-json\/wp\/v2\/pages\/204\/revisions\/233"}],"wp:attachment":[{"href":"https:\/\/www.craftmuhendislik.com\/index.php\/wp-json\/wp\/v2\/media?parent=204"}],"curies":[{"name":"wp","href":"https:\/\/api.w.org\/{rel}","templated":true}]}}