{"id":208,"date":"2022-02-13T20:09:59","date_gmt":"2022-02-13T17:09:59","guid":{"rendered":"https:\/\/www.craftmuhendislik.com\/?page_id=208"},"modified":"2022-02-13T22:35:13","modified_gmt":"2022-02-13T19:35:13","slug":"atiksu-aritma-tesisleri-danismanlik","status":"publish","type":"page","link":"https:\/\/www.craftmuhendislik.com\/index.php\/atiksu-aritma-tesisleri-danismanlik\/","title":{"rendered":"At\u0131ksu Ar\u0131tma Tesisleri Dan\u0131\u015fmanl\u0131k"},"content":{"rendered":"\n<p><\/p>\n\n\n\n<div class=\"wp-block-image\"><figure class=\"alignleft size-full is-resized\"><img loading=\"lazy\" decoding=\"async\" src=\"https:\/\/www.craftmuhendislik.com\/wp-content\/uploads\/2022\/02\/treatment-plant-wastewater-2826990_1920.jpg\" alt=\"\" class=\"wp-image-224\" width=\"565\" height=\"377\" srcset=\"https:\/\/www.craftmuhendislik.com\/wp-content\/uploads\/2022\/02\/treatment-plant-wastewater-2826990_1920.jpg 627w, https:\/\/www.craftmuhendislik.com\/wp-content\/uploads\/2022\/02\/treatment-plant-wastewater-2826990_1920-300x200.jpg 300w\" sizes=\"auto, (max-width: 565px) 100vw, 565px\" \/><\/figure><\/div>\n\n\n\n<p>At\u0131k sular\u0131n planl\u0131 bir \u015fekilde bertaraf edilmesi kentsel ve end\u00fcstriyel geli\u015fimin ayr\u0131lmaz bir par\u00e7as\u0131 haline gelmi\u015ftir. N\u00fcfusun artt\u0131\u011f\u0131 ve su kaynaklar\u0131n\u0131n azald\u0131\u011f\u0131 g\u00fcn\u00fcm\u00fczde at\u0131ksu ar\u0131tma tesislerine innovatif \u00e7\u00f6z\u00fcmler getirmek kamu ve \u00f6zel sekt\u00f6r kurulu\u015flar\u0131n\u0131n mevzuata uyumlulu\u011funu sa\u011flaman\u0131n yan\u0131s\u0131ra kurumlar\u0131n rekabet g\u00fcc\u00fcn\u00fc artt\u0131rmak i\u00e7in kullan\u0131lan bir strateji haline gelmektedir.Craft M\u00fchendislik kurumlara mevcut ar\u0131tma tesislerinin kapasite art\u0131r\u0131m\u0131 veya modifiye edilmesi, yeni kurulacak at\u0131ksu ar\u0131tma tesisleri i\u00e7in tasar\u0131m, strateji, s\u00fcpervizyon ve devreye alma hizmetlerini vermektedir. Bu hizmet ayr\u0131ca d\u00fcnya \u00fczerindeki farkl\u0131 teknoloji \u00e7\u00f6z\u00fcmlerinin, performans ve adaptasyonun uygunlu\u011funun ara\u015ft\u0131r\u0131lmas\u0131n\u0131 i\u00e7ermektedir.<\/p>\n","protected":false},"excerpt":{"rendered":"<p>At\u0131k sular\u0131n planl\u0131 bir \u015fekilde bertaraf edilmesi kentsel ve end\u00fcstriyel geli\u015fimin ayr\u0131lmaz bir par\u00e7as\u0131 haline gelmi\u015ftir. N\u00fcfusun artt\u0131\u011f\u0131 ve su kaynaklar\u0131n\u0131n azald\u0131\u011f\u0131 g\u00fcn\u00fcm\u00fczde at\u0131ksu ar\u0131tma tesislerine innovatif \u00e7\u00f6z\u00fcmler getirmek kamu ve \u00f6zel sekt\u00f6r kurulu\u015flar\u0131n\u0131n mevzuata uyumlulu\u011funu sa\u011flaman\u0131n yan\u0131s\u0131ra kurumlar\u0131n rekabet g\u00fcc\u00fcn\u00fc artt\u0131rmak i\u00e7in kullan\u0131lan bir strateji haline gelmektedir.Craft M\u00fchendislik kurumlara mevcut ar\u0131tma tesislerinin kapasite art\u0131r\u0131m\u0131 [&hellip;]<\/p>\n","protected":false},"author":1,"featured_media":0,"parent":0,"menu_order":0,"comment_status":"closed","ping_status":"closed","template":"","meta":{"footnotes":""},"class_list":["post-208","page","type-page","status-publish","hentry"],"_links":{"self":[{"href":"https:\/\/www.craftmuhendislik.com\/index.php\/wp-json\/wp\/v2\/pages\/208","targetHints":{"allow":["GET"]}}],"collection":[{"href":"https:\/\/www.craftmuhendislik.com\/index.php\/wp-json\/wp\/v2\/pages"}],"about":[{"href":"https:\/\/www.craftmuhendislik.com\/index.php\/wp-json\/wp\/v2\/types\/page"}],"author":[{"embeddable":true,"href":"https:\/\/www.craftmuhendislik.com\/index.php\/wp-json\/wp\/v2\/users\/1"}],"replies":[{"embeddable":true,"href":"https:\/\/www.craftmuhendislik.com\/index.php\/wp-json\/wp\/v2\/comments?post=208"}],"version-history":[{"count":4,"href":"https:\/\/www.craftmuhendislik.com\/index.php\/wp-json\/wp\/v2\/pages\/208\/revisions"}],"predecessor-version":[{"id":254,"href":"https:\/\/www.craftmuhendislik.com\/index.php\/wp-json\/wp\/v2\/pages\/208\/revisions\/254"}],"wp:attachment":[{"href":"https:\/\/www.craftmuhendislik.com\/index.php\/wp-json\/wp\/v2\/media?parent=208"}],"curies":[{"name":"wp","href":"https:\/\/api.w.org\/{rel}","templated":true}]}}