{"id":214,"date":"2022-02-13T21:12:31","date_gmt":"2022-02-13T18:12:31","guid":{"rendered":"https:\/\/www.craftmuhendislik.com\/?page_id=214"},"modified":"2022-02-13T22:40:11","modified_gmt":"2022-02-13T19:40:11","slug":"kati-atik","status":"publish","type":"page","link":"https:\/\/www.craftmuhendislik.com\/index.php\/kati-atik\/","title":{"rendered":"Kat\u0131 At\u0131k"},"content":{"rendered":"\n<div class=\"wp-block-image\"><figure class=\"alignleft\"><img decoding=\"async\" src=\"https:\/\/www.craftmuhendislik.com\/wp-content\/uploads\/2022\/02\/energy-concept-outlet-fresh-spring-green-grass.jpg\" alt=\"Bu g\u00f6rsel bo\u015f bir alt niteli\u011fe sahip; dosya ad\u0131 energy-concept-outlet-fresh-spring-green-grass.jpg\"\/><\/figure><\/div>\n\n\n\n<p><strong>\u00c7\u00f6p Gaz\u0131 (LFG) Enerji \u00dcretim Tesisleri (Biyogaz Tesisleri)<\/strong><\/p>\n\n\n\n<p>LFG esas olarak metan, karbondioksit, oksijen, nitrojen ve di\u011fer eser gazlardan olu\u015fur. Craft M\u00fchendislik, gaz \u00fcretim h\u0131z\u0131 tahmini, gaz ak\u0131\u015f dengesi modellemesi ve toplanacak metandan&nbsp;\u00fcretilecek enerji miktar\u0131n\u0131n hesaplanmas\u0131 alan\u0131nda dan\u0131\u015fmanl\u0131k hizmetleri vermektedir.<\/p>\n\n\n\n<p>Bunun yan\u0131 s\u0131ra ekonomik ko\u015fullara sahip d\u00fczenli depolama ve biyogaz tesisleri i\u00e7in her t\u00fcrl\u00fc ekipman ve teknoloji temini kapsam\u0131nda m\u00fchendislik dan\u0131\u015fmanl\u0131k hizmetleri vermektedir.<\/p>\n\n\n\n<p><\/p>\n\n\n\n<p><strong>\u00c7\u00f6p S\u0131z\u0131nt\u0131 Suyu Ar\u0131tma Tesisleri<\/strong><\/p>\n\n\n\n<p>Giderek daha zor ve maliyetli hale gelen \u00e7\u00f6p s\u0131z\u0131nt\u0131 suyunun y\u00f6netimi, \u00e7\u00f6p s\u0131z\u0131nt\u0131 suyu ar\u0131tma tesisi teknoloji se\u00e7imi, dizayn\u0131 ve i\u015fletme maliyetlerinin hesaplanmas\u0131.<\/p>\n","protected":false},"excerpt":{"rendered":"<p>\u00c7\u00f6p Gaz\u0131 (LFG) Enerji \u00dcretim Tesisleri (Biyogaz Tesisleri) LFG esas olarak metan, karbondioksit, oksijen, nitrojen ve di\u011fer eser gazlardan olu\u015fur. Craft M\u00fchendislik, gaz \u00fcretim h\u0131z\u0131 tahmini, gaz ak\u0131\u015f dengesi modellemesi ve toplanacak metandan&nbsp;\u00fcretilecek enerji miktar\u0131n\u0131n hesaplanmas\u0131 alan\u0131nda dan\u0131\u015fmanl\u0131k hizmetleri vermektedir. Bunun yan\u0131 s\u0131ra ekonomik ko\u015fullara sahip d\u00fczenli depolama ve biyogaz tesisleri i\u00e7in her t\u00fcrl\u00fc ekipman [&hellip;]<\/p>\n","protected":false},"author":1,"featured_media":0,"parent":0,"menu_order":0,"comment_status":"closed","ping_status":"closed","template":"","meta":{"footnotes":""},"class_list":["post-214","page","type-page","status-publish","hentry"],"_links":{"self":[{"href":"https:\/\/www.craftmuhendislik.com\/index.php\/wp-json\/wp\/v2\/pages\/214","targetHints":{"allow":["GET"]}}],"collection":[{"href":"https:\/\/www.craftmuhendislik.com\/index.php\/wp-json\/wp\/v2\/pages"}],"about":[{"href":"https:\/\/www.craftmuhendislik.com\/index.php\/wp-json\/wp\/v2\/types\/page"}],"author":[{"embeddable":true,"href":"https:\/\/www.craftmuhendislik.com\/index.php\/wp-json\/wp\/v2\/users\/1"}],"replies":[{"embeddable":true,"href":"https:\/\/www.craftmuhendislik.com\/index.php\/wp-json\/wp\/v2\/comments?post=214"}],"version-history":[{"count":4,"href":"https:\/\/www.craftmuhendislik.com\/index.php\/wp-json\/wp\/v2\/pages\/214\/revisions"}],"predecessor-version":[{"id":256,"href":"https:\/\/www.craftmuhendislik.com\/index.php\/wp-json\/wp\/v2\/pages\/214\/revisions\/256"}],"wp:attachment":[{"href":"https:\/\/www.craftmuhendislik.com\/index.php\/wp-json\/wp\/v2\/media?parent=214"}],"curies":[{"name":"wp","href":"https:\/\/api.w.org\/{rel}","templated":true}]}}