{"id":7,"date":"2020-03-09T16:53:10","date_gmt":"2020-03-09T16:53:10","guid":{"rendered":"https:\/\/www.craftmuhendislik.com\/?page_id=7"},"modified":"2022-02-11T22:50:12","modified_gmt":"2022-02-11T22:50:12","slug":"about","status":"publish","type":"page","link":"https:\/\/www.craftmuhendislik.com\/","title":{"rendered":"Hakk\u0131m\u0131zda\u00a0"},"content":{"rendered":"\n<p> 2016 Y\u0131l\u0131nda kurulmu\u015f olan Craft M\u00fchendislik Ltd. \u015eti., kuruldu\u011fu g\u00fcnden itibaren kimya, madeni ya\u011f, akaryak\u0131t, tekstil, tar\u0131m, maden, g\u00fcbre \u00fcretimi, demir \u00e7elik ve ila\u00e7 end\u00fcstrilerine proses revizyonu, kapasite art\u0131r\u0131m\u0131, ekipman\/ak\u0131\u015f diyagram\u0131 de\u011fi\u015fimi, yang\u0131n hatlar\u0131 ve Seveso projelerinde, ISO 10628:2 standard\u0131 kapsam\u0131nda tersine m\u00fchendislik ve e\u011fitim hizmetleri y\u00fcr\u00fctmektedir. <\/p>\n\n\n\n<figure class=\"wp-block-image size-large\"><img loading=\"lazy\" decoding=\"async\" width=\"1024\" height=\"683\" src=\"https:\/\/www.craftmuhendislik.com\/wp-content\/uploads\/2022\/02\/image-engineering-objects-workplace-top-view-construction-concept-engineering-tools-vintage-tone-retro-filter-effect-soft-focus-selective-focus-1024x683.jpg\" alt=\"\" class=\"wp-image-51\" srcset=\"https:\/\/www.craftmuhendislik.com\/wp-content\/uploads\/2022\/02\/image-engineering-objects-workplace-top-view-construction-concept-engineering-tools-vintage-tone-retro-filter-effect-soft-focus-selective-focus-1024x683.jpg 1024w, https:\/\/www.craftmuhendislik.com\/wp-content\/uploads\/2022\/02\/image-engineering-objects-workplace-top-view-construction-concept-engineering-tools-vintage-tone-retro-filter-effect-soft-focus-selective-focus-300x200.jpg 300w, https:\/\/www.craftmuhendislik.com\/wp-content\/uploads\/2022\/02\/image-engineering-objects-workplace-top-view-construction-concept-engineering-tools-vintage-tone-retro-filter-effect-soft-focus-selective-focus-768x512.jpg 768w, https:\/\/www.craftmuhendislik.com\/wp-content\/uploads\/2022\/02\/image-engineering-objects-workplace-top-view-construction-concept-engineering-tools-vintage-tone-retro-filter-effect-soft-focus-selective-focus-1536x1024.jpg 1536w, https:\/\/www.craftmuhendislik.com\/wp-content\/uploads\/2022\/02\/image-engineering-objects-workplace-top-view-construction-concept-engineering-tools-vintage-tone-retro-filter-effect-soft-focus-selective-focus.jpg 1773w\" sizes=\"auto, (max-width: 1024px) 100vw, 1024px\" \/><\/figure>\n","protected":false},"excerpt":{"rendered":"<p>2016 Y\u0131l\u0131nda kurulmu\u015f olan Craft M\u00fchendislik Ltd. \u015eti., kuruldu\u011fu g\u00fcnden itibaren kimya, madeni ya\u011f, akaryak\u0131t, tekstil, tar\u0131m, maden, g\u00fcbre \u00fcretimi, demir \u00e7elik ve ila\u00e7 end\u00fcstrilerine proses revizyonu, kapasite art\u0131r\u0131m\u0131, ekipman\/ak\u0131\u015f diyagram\u0131 de\u011fi\u015fimi, yang\u0131n hatlar\u0131 ve Seveso projelerinde, ISO 10628:2 standard\u0131 kapsam\u0131nda tersine m\u00fchendislik ve e\u011fitim hizmetleri y\u00fcr\u00fctmektedir.<\/p>\n","protected":false},"author":1,"featured_media":0,"parent":0,"menu_order":0,"comment_status":"closed","ping_status":"closed","template":"","meta":{"footnotes":""},"class_list":["post-7","page","type-page","status-publish","hentry"],"_links":{"self":[{"href":"https:\/\/www.craftmuhendislik.com\/index.php\/wp-json\/wp\/v2\/pages\/7","targetHints":{"allow":["GET"]}}],"collection":[{"href":"https:\/\/www.craftmuhendislik.com\/index.php\/wp-json\/wp\/v2\/pages"}],"about":[{"href":"https:\/\/www.craftmuhendislik.com\/index.php\/wp-json\/wp\/v2\/types\/page"}],"author":[{"embeddable":true,"href":"https:\/\/www.craftmuhendislik.com\/index.php\/wp-json\/wp\/v2\/users\/1"}],"replies":[{"embeddable":true,"href":"https:\/\/www.craftmuhendislik.com\/index.php\/wp-json\/wp\/v2\/comments?post=7"}],"version-history":[{"count":3,"href":"https:\/\/www.craftmuhendislik.com\/index.php\/wp-json\/wp\/v2\/pages\/7\/revisions"}],"predecessor-version":[{"id":52,"href":"https:\/\/www.craftmuhendislik.com\/index.php\/wp-json\/wp\/v2\/pages\/7\/revisions\/52"}],"wp:attachment":[{"href":"https:\/\/www.craftmuhendislik.com\/index.php\/wp-json\/wp\/v2\/media?parent=7"}],"curies":[{"name":"wp","href":"https:\/\/api.w.org\/{rel}","templated":true}]}}