{"id":75,"date":"2022-02-13T15:30:57","date_gmt":"2022-02-13T12:30:57","guid":{"rendered":"https:\/\/www.craftmuhendislik.com\/?page_id=75"},"modified":"2022-02-13T21:43:31","modified_gmt":"2022-02-13T18:43:31","slug":"hizmetler","status":"publish","type":"page","link":"https:\/\/www.craftmuhendislik.com\/index.php\/hizmetler\/","title":{"rendered":"Hizmetler"},"content":{"rendered":"\n<p>Craft M\u00fchendislik, tersine m\u00fchendislik, kurumsal sosyal sorumluluk, karbon ayak izi hesaplama, kat\u0131 at\u0131ktan biyogaz\u00a0\u00fcretimi, \u00a0biyogaz\u0131n\u00a0yak\u0131lmas\u0131 sonucu elektrik elde edilmesi ve at\u0131ksu ar\u0131tma tesislerinin revizyon, dizayn ve devreye alma konular\u0131nda  dan\u0131\u015fmanl\u0131k hizmetleri sunmaktad\u0131r.<\/p>\n\n\n\n<figure class=\"wp-block-gallery has-nested-images columns-default is-cropped wp-block-gallery-1 is-layout-flex wp-block-gallery-is-layout-flex\">\n<figure class=\"wp-block-image size-large\"><img loading=\"lazy\" decoding=\"async\" width=\"1024\" height=\"683\" data-id=\"238\" src=\"https:\/\/www.craftmuhendislik.com\/wp-content\/uploads\/2022\/02\/arc-welding-steel-construction-site-1-1024x683.jpg\" alt=\"\" class=\"wp-image-238\" srcset=\"https:\/\/www.craftmuhendislik.com\/wp-content\/uploads\/2022\/02\/arc-welding-steel-construction-site-1-1024x683.jpg 1024w, https:\/\/www.craftmuhendislik.com\/wp-content\/uploads\/2022\/02\/arc-welding-steel-construction-site-1-300x200.jpg 300w, https:\/\/www.craftmuhendislik.com\/wp-content\/uploads\/2022\/02\/arc-welding-steel-construction-site-1-768x512.jpg 768w, https:\/\/www.craftmuhendislik.com\/wp-content\/uploads\/2022\/02\/arc-welding-steel-construction-site-1-1536x1024.jpg 1536w, https:\/\/www.craftmuhendislik.com\/wp-content\/uploads\/2022\/02\/arc-welding-steel-construction-site-1.jpg 1773w\" sizes=\"auto, (max-width: 1024px) 100vw, 1024px\" \/><\/figure>\n<\/figure>\n\n\n\n<p><\/p>\n","protected":false},"excerpt":{"rendered":"<p>Craft M\u00fchendislik, tersine m\u00fchendislik, kurumsal sosyal sorumluluk, karbon ayak izi hesaplama, kat\u0131 at\u0131ktan biyogaz\u00a0\u00fcretimi, \u00a0biyogaz\u0131n\u00a0yak\u0131lmas\u0131 sonucu elektrik elde edilmesi ve at\u0131ksu ar\u0131tma tesislerinin revizyon, dizayn ve devreye alma konular\u0131nda dan\u0131\u015fmanl\u0131k hizmetleri sunmaktad\u0131r.<\/p>\n","protected":false},"author":1,"featured_media":0,"parent":0,"menu_order":0,"comment_status":"closed","ping_status":"closed","template":"","meta":{"footnotes":""},"class_list":["post-75","page","type-page","status-publish","hentry"],"_links":{"self":[{"href":"https:\/\/www.craftmuhendislik.com\/index.php\/wp-json\/wp\/v2\/pages\/75","targetHints":{"allow":["GET"]}}],"collection":[{"href":"https:\/\/www.craftmuhendislik.com\/index.php\/wp-json\/wp\/v2\/pages"}],"about":[{"href":"https:\/\/www.craftmuhendislik.com\/index.php\/wp-json\/wp\/v2\/types\/page"}],"author":[{"embeddable":true,"href":"https:\/\/www.craftmuhendislik.com\/index.php\/wp-json\/wp\/v2\/users\/1"}],"replies":[{"embeddable":true,"href":"https:\/\/www.craftmuhendislik.com\/index.php\/wp-json\/wp\/v2\/comments?post=75"}],"version-history":[{"count":8,"href":"https:\/\/www.craftmuhendislik.com\/index.php\/wp-json\/wp\/v2\/pages\/75\/revisions"}],"predecessor-version":[{"id":241,"href":"https:\/\/www.craftmuhendislik.com\/index.php\/wp-json\/wp\/v2\/pages\/75\/revisions\/241"}],"wp:attachment":[{"href":"https:\/\/www.craftmuhendislik.com\/index.php\/wp-json\/wp\/v2\/media?parent=75"}],"curies":[{"name":"wp","href":"https:\/\/api.w.org\/{rel}","templated":true}]}}