{"id":8,"date":"2020-03-09T16:53:10","date_gmt":"2020-03-09T16:53:10","guid":{"rendered":"https:\/\/www.craftmuhendislik.com\/?page_id=8"},"modified":"2022-02-13T20:19:26","modified_gmt":"2022-02-13T17:19:26","slug":"contact","status":"publish","type":"page","link":"https:\/\/www.craftmuhendislik.com\/index.php\/contact\/","title":{"rendered":"\u0130leti\u015fim"},"content":{"rendered":"\n<div class=\"wp-block-image\"><figure class=\"aligncenter size-large is-resized\"><img loading=\"lazy\" decoding=\"async\" src=\"https:\/\/www.craftmuhendislik.com\/wp-content\/uploads\/2022\/02\/WhatsApp-Image-2022-02-12-at-1.28.50-AM.jpeg\" alt=\"\" class=\"wp-image-54\" width=\"281\" height=\"135\" srcset=\"https:\/\/www.craftmuhendislik.com\/wp-content\/uploads\/2022\/02\/WhatsApp-Image-2022-02-12-at-1.28.50-AM.jpeg 820w, https:\/\/www.craftmuhendislik.com\/wp-content\/uploads\/2022\/02\/WhatsApp-Image-2022-02-12-at-1.28.50-AM-300x145.jpeg 300w, https:\/\/www.craftmuhendislik.com\/wp-content\/uploads\/2022\/02\/WhatsApp-Image-2022-02-12-at-1.28.50-AM-768x370.jpeg 768w\" sizes=\"auto, (max-width: 281px) 100vw, 281px\" \/><\/figure><\/div>\n\n\n\n<p><strong>Adres<\/strong><br>T\u00fcrkali Mah. Ihlamurdere Cad. 90\/2 Be\u015fikta\u015f\/\u0130STANBUL<\/p>\n\n\n\n<p><strong>Telefon<\/strong><\/p>\n\n\n\n<p>+90 212 327 04 83<\/p>\n\n\n\n<p>+90 535 560 66 69<\/p>\n\n\n\n<p><strong>Email:<\/strong> <a href=\"mailto:info@craftmuhendislik.com\">info@craftmuhendislik.com<\/a><\/p>\n\n\n\n<p><strong>\u00c7al\u0131\u015fma Saatleri<\/strong><br>Pazartesi\u2014Cuma: 9:00\u201319:00<br>Cumartesi: 11:00\u201315:00<\/p>\n\n\n\n<p><\/p>\n","protected":false},"excerpt":{"rendered":"<p>AdresT\u00fcrkali Mah. Ihlamurdere Cad. 90\/2 Be\u015fikta\u015f\/\u0130STANBUL Telefon +90 212 327 04 83 +90 535 560 66 69 Email: info@craftmuhendislik.com \u00c7al\u0131\u015fma SaatleriPazartesi\u2014Cuma: 9:00\u201319:00Cumartesi: 11:00\u201315:00<\/p>\n","protected":false},"author":1,"featured_media":0,"parent":0,"menu_order":0,"comment_status":"closed","ping_status":"closed","template":"","meta":{"footnotes":""},"class_list":["post-8","page","type-page","status-publish","hentry"],"_links":{"self":[{"href":"https:\/\/www.craftmuhendislik.com\/index.php\/wp-json\/wp\/v2\/pages\/8","targetHints":{"allow":["GET"]}}],"collection":[{"href":"https:\/\/www.craftmuhendislik.com\/index.php\/wp-json\/wp\/v2\/pages"}],"about":[{"href":"https:\/\/www.craftmuhendislik.com\/index.php\/wp-json\/wp\/v2\/types\/page"}],"author":[{"embeddable":true,"href":"https:\/\/www.craftmuhendislik.com\/index.php\/wp-json\/wp\/v2\/users\/1"}],"replies":[{"embeddable":true,"href":"https:\/\/www.craftmuhendislik.com\/index.php\/wp-json\/wp\/v2\/comments?post=8"}],"version-history":[{"count":6,"href":"https:\/\/www.craftmuhendislik.com\/index.php\/wp-json\/wp\/v2\/pages\/8\/revisions"}],"predecessor-version":[{"id":213,"href":"https:\/\/www.craftmuhendislik.com\/index.php\/wp-json\/wp\/v2\/pages\/8\/revisions\/213"}],"wp:attachment":[{"href":"https:\/\/www.craftmuhendislik.com\/index.php\/wp-json\/wp\/v2\/media?parent=8"}],"curies":[{"name":"wp","href":"https:\/\/api.w.org\/{rel}","templated":true}]}}